{"id":498,"date":"2021-02-22T23:10:22","date_gmt":"2021-02-22T23:10:22","guid":{"rendered":"https:\/\/projetos.descomplicandosites.com\/mobiliar\/?page_id=498"},"modified":"2022-02-12T15:40:16","modified_gmt":"2022-02-12T15:40:16","slug":"lista-de-favoritos","status":"publish","type":"page","link":"https:\/\/projetos.descomplicandosites.com\/mobiliar\/lista-de-favoritos\/","title":{"rendered":"Lista de Favoritos"},"content":{"rendered":"\t\t<div data-elementor-type=\"wp-page\" data-elementor-id=\"498\" class=\"elementor elementor-498\">\n\t\t\t\t\t\t<div class=\"elementor-inner\">\n\t\t\t\t<div class=\"elementor-section-wrap\">\n\t\t\t\t\t\t\t\t\t<section class=\"elementor-section elementor-top-section elementor-element elementor-element-7e505f96 elementor-section-boxed elementor-section-height-default elementor-section-height-default\" data-id=\"7e505f96\" data-element_type=\"section\">\n\t\t\t\t\t\t<div class=\"elementor-container elementor-column-gap-default\">\n\t\t\t\t\t\t\t<div class=\"elementor-row\">\n\t\t\t\t\t<div class=\"elementor-column elementor-col-100 elementor-top-column elementor-element elementor-element-1e7534c5\" data-id=\"1e7534c5\" data-element_type=\"column\">\n\t\t\t<div class=\"elementor-column-wrap elementor-element-populated\">\n\t\t\t\t\t\t\t<div class=\"elementor-widget-wrap\">\n\t\t\t\t\t\t<div class=\"elementor-element elementor-element-5e1cc1b elementor-widget elementor-widget-heading\" data-id=\"5e1cc1b\" data-element_type=\"widget\" data-widget_type=\"heading.default\">\n\t\t\t\t<div class=\"elementor-widget-container\">\n\t\t\t<h2 class=\"elementor-heading-title elementor-size-default\">Sua Lista de Favoritos<\/h2>\t\t<\/div>\n\t\t\t\t<\/div>\n\t\t\t\t<div class=\"elementor-element elementor-element-dd51f7c elementor-widget elementor-widget-jet-wishlist\" data-id=\"dd51f7c\" data-element_type=\"widget\" data-widget_type=\"jet-wishlist.default\">\n\t\t\t\t<div class=\"elementor-widget-container\">\n\t\t\t<div class=\"jet-wishlist jet-cw\">\t\t\t<div class=\"jet-wishlist__content woocommerce jet-wishlist-products--preset-1\" data-widget-type=\"jet-wishlist\"\n\t\t\t     data-widget-id=\"dd51f7c\">\n\t\t\t\t<h5 class=\"jet-wishlist-empty\">Sua lista esta vazia<\/h5>\n\t\t\t<\/div>\n\t\t\t<\/div>\t\t<\/div>\n\t\t\t\t<\/div>\n\t\t\t\t\t\t<\/div>\n\t\t\t\t\t<\/div>\n\t\t<\/div>\n\t\t\t\t\t\t\t\t<\/div>\n\t\t\t\t\t<\/div>\n\t\t<\/section>\n\t\t\t\t\t\t\t\t\t<\/div>\n\t\t\t<\/div>\n\t\t\t\t\t<\/div>\n\t\t","protected":false},"excerpt":{"rendered":"<p>Sua Lista de Favoritos Cama Box King Colch\u00e3o Molas Pocket Ensacadas Tower 193x203x72cm Branco &#82;&#36;3.000,00 &#82;&#36;2.690,00Comprar Poltrona Decorativa Opala &#8211; P\u00e9s Palito &#82;&#36;599,00 &#82;&#36;399,00Ver op\u00e7\u00f5es Guarda-Roupa Casal 3 portas Correr Spazio 6 gavetas Branco Expresso M\u00f3veis &#82;&#36;699,00 &#82;&#36;499,00Comprar<\/p>\n","protected":false},"author":1,"featured_media":0,"parent":0,"menu_order":0,"comment_status":"closed","ping_status":"closed","template":"","meta":[],"_links":{"self":[{"href":"https:\/\/projetos.descomplicandosites.com\/mobiliar\/wp-json\/wp\/v2\/pages\/498"}],"collection":[{"href":"https:\/\/projetos.descomplicandosites.com\/mobiliar\/wp-json\/wp\/v2\/pages"}],"about":[{"href":"https:\/\/projetos.descomplicandosites.com\/mobiliar\/wp-json\/wp\/v2\/types\/page"}],"author":[{"embeddable":true,"href":"https:\/\/projetos.descomplicandosites.com\/mobiliar\/wp-json\/wp\/v2\/users\/1"}],"replies":[{"embeddable":true,"href":"https:\/\/projetos.descomplicandosites.com\/mobiliar\/wp-json\/wp\/v2\/comments?post=498"}],"version-history":[{"count":31,"href":"https:\/\/projetos.descomplicandosites.com\/mobiliar\/wp-json\/wp\/v2\/pages\/498\/revisions"}],"predecessor-version":[{"id":1418,"href":"https:\/\/projetos.descomplicandosites.com\/mobiliar\/wp-json\/wp\/v2\/pages\/498\/revisions\/1418"}],"wp:attachment":[{"href":"https:\/\/projetos.descomplicandosites.com\/mobiliar\/wp-json\/wp\/v2\/media?parent=498"}],"curies":[{"name":"wp","href":"https:\/\/api.w.org\/{rel}","templated":true}]}}