{"id":11,"date":"2021-02-15T21:56:14","date_gmt":"2021-02-15T21:56:14","guid":{"rendered":"https:\/\/projetos.descomplicandosites.com\/mobiliar\/?post_type=product&#038;p=11"},"modified":"2021-02-23T23:30:23","modified_gmt":"2021-02-23T23:30:23","slug":"poltrona-decorativa-opala-pes-palito","status":"publish","type":"product","link":"https:\/\/projetos.descomplicandosites.com\/mobiliar\/produto\/poltrona-decorativa-opala-pes-palito\/","title":{"rendered":"Poltrona Decorativa Opala &#8211; P\u00e9s Palito"},"content":{"rendered":"<p>Poltrona Opala<\/p>\n<p>Para um ambiente de bom gosto e bem decorado, essa poltrona foi desenvolvido com o que h\u00e1 de modernO. Design inovador e muita beleza.<br \/>\nA poltrona Opala \u00e9 a pe\u00e7a chave para compor qualquer ambiente, contando com costuras de alta qualidade e m\u00e1t\u00e9ria prima de primeira.<br \/>\nSempre desenvolvemos nossos produtos pensando em atender a necessidade do cliente, colocando conforto e qualidade sempre a frente.<\/p>\n<p>A poltrona opala conta com mat\u00e9ria prima de primeira qualidade, utilizamos madeira maci\u00e7a eucalipto para estruturas, utilizamos grampos galvanizados para fixa\u00e7\u00e3o, percintas italianas no encosto e assento tornando assim o conforto inigual\u00e1vel,<br \/>\nconta com forra\u00e7\u00e3o de tecido, espumas d-23 nos bra\u00e7os e espuma d-26 no assento e encosto, acabamento em tecido suede classe A. Os p\u00e9s, s\u00e3o de madeira maci\u00e7a torneados acabamento com cera transparente.<\/p>\n<p>Medidas (cm)<br \/>\nAltura 83cm<br \/>\nLargura 63cm<br \/>\nComprimento 75cm<\/p>\n<p>Recomenda\u00e7\u00f5es:<br \/>\nPeso suportado: 150kg<\/p>\n<p>N\u00e3o expor ao sol, n\u00e3o utilizar produtos qu\u00edmicos para limpeza, manter longe da umidade, n\u00e3o lavar.<\/p>\n<p>Limpeza: Pano umedecido com \u00e1gua.<\/p>\n<p>Garantia de f\u00e1brica 3 meses.<\/p>\n","protected":false},"excerpt":{"rendered":"<p>Poltrona Opala<\/p>\n<p>Para um ambiente de bom gosto e bem decorado, essa poltrona foi desenvolvido com o que h\u00e1 de modernO. Design inovador e muita beleza.<br \/>\nA poltrona Opala \u00e9 a pe\u00e7a chave para compor qualquer ambiente, contando com costuras de alta qualidade e m\u00e1t\u00e9ria prima de primeira.<br \/>\nSempre desenvolvemos nossos produtos pensando em atender a necessidade do cliente, colocando conforto e qualidade sempre a frente.<\/p>\n<p>&nbsp;<\/p>\n","protected":false},"featured_media":12,"comment_status":"open","ping_status":"closed","template":"","meta":[],"product_cat":[19,20,16],"product_tag":[],"_links":{"self":[{"href":"https:\/\/projetos.descomplicandosites.com\/mobiliar\/wp-json\/wp\/v2\/product\/11"}],"collection":[{"href":"https:\/\/projetos.descomplicandosites.com\/mobiliar\/wp-json\/wp\/v2\/product"}],"about":[{"href":"https:\/\/projetos.descomplicandosites.com\/mobiliar\/wp-json\/wp\/v2\/types\/product"}],"replies":[{"embeddable":true,"href":"https:\/\/projetos.descomplicandosites.com\/mobiliar\/wp-json\/wp\/v2\/comments?post=11"}],"wp:featuredmedia":[{"embeddable":true,"href":"https:\/\/projetos.descomplicandosites.com\/mobiliar\/wp-json\/wp\/v2\/media\/12"}],"wp:attachment":[{"href":"https:\/\/projetos.descomplicandosites.com\/mobiliar\/wp-json\/wp\/v2\/media?parent=11"}],"wp:term":[{"taxonomy":"product_cat","embeddable":true,"href":"https:\/\/projetos.descomplicandosites.com\/mobiliar\/wp-json\/wp\/v2\/product_cat?post=11"},{"taxonomy":"product_tag","embeddable":true,"href":"https:\/\/projetos.descomplicandosites.com\/mobiliar\/wp-json\/wp\/v2\/product_tag?post=11"}],"curies":[{"name":"wp","href":"https:\/\/api.w.org\/{rel}","templated":true}]}}